{"id":46,"date":"2021-03-01T11:35:29","date_gmt":"2021-03-01T11:35:29","guid":{"rendered":"https:\/\/assertivo.fi\/?page_id=46"},"modified":"2024-11-03T14:17:51","modified_gmt":"2024-11-03T14:17:51","slug":"yhteystiedot-ja-taustat","status":"publish","type":"page","link":"https:\/\/assertivo.fi\/?page_id=46","title":{"rendered":"Yhteystiedot ja taustat"},"content":{"rendered":"<p><img loading=\"lazy\" decoding=\"async\" class=\"alignnone size-medium wp-image-282\" src=\"https:\/\/assertivo.fi\/wp-content\/uploads\/2024\/11\/IMG_0171-225x300.jpeg\" alt=\"\" width=\"225\" height=\"300\" srcset=\"https:\/\/assertivo.fi\/wp-content\/uploads\/2024\/11\/IMG_0171-225x300.jpeg 225w, https:\/\/assertivo.fi\/wp-content\/uploads\/2024\/11\/IMG_0171-768x1024.jpeg 768w, https:\/\/assertivo.fi\/wp-content\/uploads\/2024\/11\/IMG_0171-1152x1536.jpeg 1152w, https:\/\/assertivo.fi\/wp-content\/uploads\/2024\/11\/IMG_0171-1536x2048.jpeg 1536w, https:\/\/assertivo.fi\/wp-content\/uploads\/2024\/11\/IMG_0171-scaled.jpeg 1920w\" sizes=\"auto, (max-width: 225px) 100vw, 225px\" \/><br \/>\nHeli Pironetti<br \/>\nwww.assertivo.fi<br \/>\n044-5233912<br \/>\nIISALMI<\/p>\n<p class=\"p1\">Koulutukseltani olen ekonomi, ty\u00f6nohjaaja, coach ja ammatillinen opettaja. Teoreettiset opinnot olen suorittanut Vaasan yliopistossa ja ty\u00f6el\u00e4m\u00e4n t\u00e4rkeit\u00e4 korkeakouluja ovat olleet Kotipizza ja Yl\u00e4-Savon ammattiopisto YSAO. Olen kouluttanut esimiehi\u00e4 ja yritt\u00e4ji\u00e4 yli 20 vuotta ja tehnyt ty\u00f6nohjausta vuodesta 2014 alkaen yhteens\u00e4 noin tuhat tuntia. Asiakkaani ovat olleet ty\u00f6yhteis\u00f6j\u00e4 eri aloilta, esim. lomitus, siivousty\u00f6, p\u00e4iv\u00e4koti, opetus, toimistoty\u00f6, kuntoutus ja kauppaliike ja osallistujat ovat olleet oman alansa ammattilaisia niin esimies-, asiantuntija-, yritt\u00e4j\u00e4- kuin palveluteht\u00e4viss\u00e4. Coachingia olen tehnyt vuodesta 2017. Toimin p\u00e4iv\u00e4ty\u00f6ss\u00e4ni yritysasiantuntijana Iisalmen kaupungilla ja toteutan yritystoimintaa vapaa-ajallani.<\/p>\n<p class=\"p1\">Teen ty\u00f6nohjausta, koska olen itsen kokenut ja n\u00e4hnyt sen hy\u00f6dyt. Ty\u00f6nohjauksen avulla p\u00e4\u00e4st\u00e4\u00e4n irti ja eteenp\u00e4in ty\u00f6h\u00f6n eitt\u00e4m\u00e4tt\u00e4 liittyvist\u00e4 haasteellisista tilanteita nopeammin ja turvallisemmin.<\/p>\n<p class=\"p1\">Coachaan ihmisi\u00e4 samoista syist\u00e4: olen itse l\u00f6yt\u00e4nyt omat voimavarani vaativissa tilanteissa coachingin avulla. Coachina olen huomannut, kuinka asiakkaani pys\u00e4hdytty\u00e4\u00e4n omien ajatustensa \u00e4\u00e4relle, l\u00f6yt\u00e4v\u00e4t piilossakin olleita voimavaroja, tavoitteita, toiveita ja rohkeutta.<\/p>\n<p class=\"p1\">Ota yhteytt\u00e4! Autan mielell\u00e4ni niin Sinua kuin organisaatiotasi.<\/p>\n<p>Yhteisty\u00f6ss\u00e4:<\/p>\n<p>Marja H\u00e4kkinen<\/p>\n<p><a href=\"https:\/\/edusteps.fi\/\">https:\/\/edusteps.fi\/<\/a><\/p>\n<p>&nbsp;<\/p>\n<p>&nbsp;<\/p>\n<p>&nbsp;<\/p>\n","protected":false},"excerpt":{"rendered":"<p>Heli Pironetti www.assertivo.fi 044-5233912 IISALMI Koulutukseltani olen ekonomi, ty\u00f6nohjaaja, coach ja ammatillinen opettaja. Teoreettiset opinnot olen suorittanut Vaasan yliopistossa ja ty\u00f6el\u00e4m\u00e4n t\u00e4rkeit\u00e4 korkeakouluja ovat olleet Kotipizza ja Yl\u00e4-Savon ammattiopisto YSAO. Olen kouluttanut esimiehi\u00e4 ja yritt\u00e4ji\u00e4 yli 20 vuotta ja tehnyt ty\u00f6nohjausta vuodesta 2014 alkaen yhteens\u00e4 noin tuhat tuntia. Asiakkaani ovat olleet ty\u00f6yhteis\u00f6j\u00e4 eri aloilta, esim. &hellip; <\/p>\n","protected":false},"author":1,"featured_media":0,"parent":0,"menu_order":0,"comment_status":"closed","ping_status":"closed","template":"","meta":{"footnotes":""},"class_list":["post-46","page","type-page","status-publish","hentry"],"_links":{"self":[{"href":"https:\/\/assertivo.fi\/index.php?rest_route=\/wp\/v2\/pages\/46","targetHints":{"allow":["GET"]}}],"collection":[{"href":"https:\/\/assertivo.fi\/index.php?rest_route=\/wp\/v2\/pages"}],"about":[{"href":"https:\/\/assertivo.fi\/index.php?rest_route=\/wp\/v2\/types\/page"}],"author":[{"embeddable":true,"href":"https:\/\/assertivo.fi\/index.php?rest_route=\/wp\/v2\/users\/1"}],"replies":[{"embeddable":true,"href":"https:\/\/assertivo.fi\/index.php?rest_route=%2Fwp%2Fv2%2Fcomments&post=46"}],"version-history":[{"count":12,"href":"https:\/\/assertivo.fi\/index.php?rest_route=\/wp\/v2\/pages\/46\/revisions"}],"predecessor-version":[{"id":286,"href":"https:\/\/assertivo.fi\/index.php?rest_route=\/wp\/v2\/pages\/46\/revisions\/286"}],"wp:attachment":[{"href":"https:\/\/assertivo.fi\/index.php?rest_route=%2Fwp%2Fv2%2Fmedia&parent=46"}],"curies":[{"name":"wp","href":"https:\/\/api.w.org\/{rel}","templated":true}]}}