{"id":42,"date":"2021-03-01T11:34:26","date_gmt":"2021-03-01T11:34:26","guid":{"rendered":"https:\/\/assertivo.fi\/?page_id=42"},"modified":"2024-10-31T15:19:19","modified_gmt":"2024-10-31T15:19:19","slug":"coaching-jattaa-jaljen","status":"publish","type":"page","link":"https:\/\/assertivo.fi\/?page_id=42","title":{"rendered":"Coaching j\u00e4tt\u00e4\u00e4 j\u00e4ljen"},"content":{"rendered":"<p class=\"p1\">Coaching antaa n\u00e4kemyksi\u00e4 ja hy\u00f6tyj\u00e4 el\u00e4m\u00e4n tai ty\u00f6el\u00e4m\u00e4n muutostilanteisiin, haasteisiin, tavoitteisiin p\u00e4\u00e4syyn ja itsetuntemukseen. Katse on tulevassa ja niiss\u00e4 asioissa, jotka toimivat. Tavoitteena on auttaa oppimaan ja kasvamaan ammattilaisena. <span class=\"s1\">Ty\u00f6el\u00e4m\u00e4ss\u00e4 tarvitaan yh\u00e4 enemm\u00e4n laaja-alaista osaamista, ajattelun taitoja ja itsens\u00e4 johtamista ja n\u00e4ihin coaching tarjoaa mahdollisuuden. <\/span>Coaching j\u00e4tt\u00e4\u00e4 j\u00e4ljen. Sen tavoite on tuoda n\u00e4kyv\u00e4ksi ja tietoisuuteen yksil\u00f6lle t\u00e4rkeit\u00e4 asioita.<\/p>\n<p class=\"p1\">Coaching on menetelm\u00e4, jossa haetaan pintaan ja tietoisuuteen ihmisen omia ajatuksia, toiveita, arvoja, toimintatapoja ja voimavaroja. Coach ei kerro tai neuvo, h\u00e4n kyselee. Vastaukset tulevat ihmiselt\u00e4 itselt\u00e4\u00e4n. Tekniikaltaan coaching on kysely\u00e4 ja asioiden \u00e4\u00e4relle pys\u00e4htymist\u00e4. V\u00e4lill\u00e4 apuna k\u00e4ytet\u00e4\u00e4n piirroksia, kortteja, esineit\u00e4, tilaa, tyhj\u00e4\u00e4 paperia. Coaching on tulevaisuuteen keskittyv\u00e4\u00e4 ja tavoitehakoista valmennusta kohti parempia tuloksia ja hyvinvointia niin ty\u00f6ss\u00e4 kuin yksityisel\u00e4m\u00e4ss\u00e4.<\/p>\n<p class=\"p1\">Coaching sopii tueksi hyvin erilaisiin ty\u00f6el\u00e4m\u00e4n tilanteisiin. Ohessa muutamia esimerkkej\u00e4, joissa sit\u00e4 on k\u00e4ytetty:<\/p>\n<p class=\"p1\"><strong>Uuden liiketoiminnan kehitt\u00e4minen ja toteuttaminen<\/strong><\/p>\n<p class=\"p1\"><strong>Valmistautuminen el\u00e4kkeelle j\u00e4\u00e4ntiin ja viimeisiin ty\u00f6vuosiin<\/strong><\/p>\n<p class=\"p1\"><strong>Yrityksen kehitt\u00e4minen<\/strong><\/p>\n<p class=\"p1\"><strong>Ajanhallinnan vahvistaminen<\/strong><\/p>\n<p class=\"p1\"><strong>Tavoitteiden asettaminen<\/strong><\/p>\n<p class=\"p1\"><strong>T\u00f6iden organisointi<\/strong><\/p>\n<p class=\"p1\"><strong>El\u00e4m\u00e4nmuutoksen tueksi \u2013 seuraavaa askelta kohti<\/strong><\/p>\n<p class=\"p1\">Coachingia olen toteuttanut yksil\u00f6ille, jotka ovat ty\u00f6skennelleet niin kunta- kuin yksityissektorilla esimies- tai asiantuntijateht\u00e4viss\u00e4.<span class=\"Apple-converted-space\">\u00a0 <\/span>Toteutan coachingia my\u00f6s ryhmille.<\/p>\n<p class=\"p1\">Yleens\u00e4 coaching kest\u00e4\u00e4 yhden tunnin. Se voidaan sopia my\u00f6s lyhemm\u00e4ksi tai pidemm\u00e4ksi ajaksi kest\u00e4v\u00e4ksi. Coachingin hinta on 130\u20ac-210\u20ac (+ alv 25,5 % ja mahdolliset matkakulut) \/ kerta riippuen ryhm\u00e4n koosta ja coachingin kestosta. Toteutus voi olla my\u00f6s et\u00e4yhteyden kautta tai vaikkapa k\u00e4velylenkin aikana.<\/p>\n<p class=\"p1\">Asiakaspalautteita:<\/p>\n<p class=\"p2\"><i>\u201dHyv\u00e4, hy\u00f6dyllinen: Valmennus on ollut eritt\u00e4in hyv\u00e4 ja tarpeellinen. Olen valmis l\u00e4htem\u00e4\u00e4n el\u00e4kkeelle. T\u00e4m\u00e4 matka on ollut prosessi, joka vie tai ottaa oman aikansa.\u201d<\/i><\/p>\n<p class=\"p2\"><i>\u201dOnpas ollut mielenkiintoista pys\u00e4hty\u00e4 omien ajatusten \u00e4\u00e4relle coachin kanssa.\u201d<\/i><\/p>\n<p class=\"p2\"><i>\u201d Monet kysymykset tuntuivat vaikealta mutta aina vastaus l\u00f6ytyi.\u201d<\/i><\/p>\n<p class=\"p2\"><i>\u201dAntaa ja avaa ideoita ja ajatuksia ajatella el\u00e4m\u00e4\u00e4ns\u00e4. Oman el\u00e4m\u00e4n selvitysty\u00f6 on t\u00e4rke\u00e4\u00e4.\u201d <\/i><\/p>\n<p class=\"p2\"><i>\u201dOlet tarkka kuuntelemaan.\u201d<\/i><\/p>\n<p class=\"p2\"><i>\u201dParasta on ollut havaita, ett\u00e4 olen monessa suhteessa onnistunut ty\u00f6ss\u00e4ni, vaikka en ole sit\u00e4 aiemmin ajatellut.\u201d<\/i><\/p>\n<p class=\"p2\"><i>\u201dT\u00e4m\u00e4 on kyll\u00e4 paras lahja ty\u00f6nantajalta, parempi kuin mik\u00e4\u00e4n maljakko<\/i><span class=\"s1\">\u263a<\/span><i>\u201d<\/i><\/p>\n<p><img loading=\"lazy\" decoding=\"async\" class=\"alignnone size-medium wp-image-135\" src=\"https:\/\/assertivo.fi\/wp-content\/uploads\/2021\/02\/joen_ylituse_epe-600X600-300x300.jpg\" alt=\"\" width=\"300\" height=\"300\" srcset=\"https:\/\/assertivo.fi\/wp-content\/uploads\/2021\/02\/joen_ylituse_epe-600X600-300x300.jpg 300w, https:\/\/assertivo.fi\/wp-content\/uploads\/2021\/02\/joen_ylituse_epe-600X600-150x150.jpg 150w, https:\/\/assertivo.fi\/wp-content\/uploads\/2021\/02\/joen_ylituse_epe-600X600-435x435.jpg 435w, https:\/\/assertivo.fi\/wp-content\/uploads\/2021\/02\/joen_ylituse_epe-600X600-60x60.jpg 60w, https:\/\/assertivo.fi\/wp-content\/uploads\/2021\/02\/joen_ylituse_epe-600X600.jpg 600w\" sizes=\"auto, (max-width: 300px) 100vw, 300px\" \/> <img loading=\"lazy\" decoding=\"async\" class=\"alignnone size-medium wp-image-136\" src=\"https:\/\/assertivo.fi\/wp-content\/uploads\/2021\/02\/ka\u0308det_muurissa-600X600-300x300.jpg\" alt=\"\" width=\"300\" height=\"300\" srcset=\"https:\/\/assertivo.fi\/wp-content\/uploads\/2021\/02\/ka\u0308det_muurissa-600X600-300x300.jpg 300w, https:\/\/assertivo.fi\/wp-content\/uploads\/2021\/02\/ka\u0308det_muurissa-600X600-150x150.jpg 150w, https:\/\/assertivo.fi\/wp-content\/uploads\/2021\/02\/ka\u0308det_muurissa-600X600-435x435.jpg 435w, https:\/\/assertivo.fi\/wp-content\/uploads\/2021\/02\/ka\u0308det_muurissa-600X600-60x60.jpg 60w, https:\/\/assertivo.fi\/wp-content\/uploads\/2021\/02\/ka\u0308det_muurissa-600X600.jpg 600w\" sizes=\"auto, (max-width: 300px) 100vw, 300px\" \/> <img loading=\"lazy\" decoding=\"async\" class=\"alignnone size-medium wp-image-137\" src=\"https:\/\/assertivo.fi\/wp-content\/uploads\/2021\/02\/syda\u0308nkorti-600X600-300x300.jpg\" alt=\"\" width=\"300\" height=\"300\" srcset=\"https:\/\/assertivo.fi\/wp-content\/uploads\/2021\/02\/syda\u0308nkorti-600X600-300x300.jpg 300w, https:\/\/assertivo.fi\/wp-content\/uploads\/2021\/02\/syda\u0308nkorti-600X600-150x150.jpg 150w, https:\/\/assertivo.fi\/wp-content\/uploads\/2021\/02\/syda\u0308nkorti-600X600-435x435.jpg 435w, https:\/\/assertivo.fi\/wp-content\/uploads\/2021\/02\/syda\u0308nkorti-600X600-60x60.jpg 60w, https:\/\/assertivo.fi\/wp-content\/uploads\/2021\/02\/syda\u0308nkorti-600X600.jpg 600w\" sizes=\"auto, (max-width: 300px) 100vw, 300px\" \/><\/p>\n<p>&nbsp;<\/p>\n<p>&nbsp;<\/p>\n","protected":false},"excerpt":{"rendered":"<p>Coaching antaa n\u00e4kemyksi\u00e4 ja hy\u00f6tyj\u00e4 el\u00e4m\u00e4n tai ty\u00f6el\u00e4m\u00e4n muutostilanteisiin, haasteisiin, tavoitteisiin p\u00e4\u00e4syyn ja itsetuntemukseen. Katse on tulevassa ja niiss\u00e4 asioissa, jotka toimivat. Tavoitteena on auttaa oppimaan ja kasvamaan ammattilaisena. Ty\u00f6el\u00e4m\u00e4ss\u00e4 tarvitaan yh\u00e4 enemm\u00e4n laaja-alaista osaamista, ajattelun taitoja ja itsens\u00e4 johtamista ja n\u00e4ihin coaching tarjoaa mahdollisuuden. Coaching j\u00e4tt\u00e4\u00e4 j\u00e4ljen. Sen tavoite on tuoda n\u00e4kyv\u00e4ksi ja tietoisuuteen &hellip; <\/p>\n","protected":false},"author":1,"featured_media":0,"parent":0,"menu_order":0,"comment_status":"closed","ping_status":"closed","template":"","meta":{"footnotes":""},"class_list":["post-42","page","type-page","status-publish","hentry"],"_links":{"self":[{"href":"https:\/\/assertivo.fi\/index.php?rest_route=\/wp\/v2\/pages\/42","targetHints":{"allow":["GET"]}}],"collection":[{"href":"https:\/\/assertivo.fi\/index.php?rest_route=\/wp\/v2\/pages"}],"about":[{"href":"https:\/\/assertivo.fi\/index.php?rest_route=\/wp\/v2\/types\/page"}],"author":[{"embeddable":true,"href":"https:\/\/assertivo.fi\/index.php?rest_route=\/wp\/v2\/users\/1"}],"replies":[{"embeddable":true,"href":"https:\/\/assertivo.fi\/index.php?rest_route=%2Fwp%2Fv2%2Fcomments&post=42"}],"version-history":[{"count":6,"href":"https:\/\/assertivo.fi\/index.php?rest_route=\/wp\/v2\/pages\/42\/revisions"}],"predecessor-version":[{"id":267,"href":"https:\/\/assertivo.fi\/index.php?rest_route=\/wp\/v2\/pages\/42\/revisions\/267"}],"wp:attachment":[{"href":"https:\/\/assertivo.fi\/index.php?rest_route=%2Fwp%2Fv2%2Fmedia&parent=42"}],"curies":[{"name":"wp","href":"https:\/\/api.w.org\/{rel}","templated":true}]}}