{"id":31,"date":"2021-02-10T14:25:05","date_gmt":"2021-02-10T14:25:05","guid":{"rendered":"https:\/\/assertivo.fi\/?page_id=31"},"modified":"2024-12-09T20:24:28","modified_gmt":"2024-12-09T20:24:28","slug":"etusivu","status":"publish","type":"page","link":"https:\/\/assertivo.fi\/","title":{"rendered":"Etusivu ja ajankohtaista"},"content":{"rendered":"<p>Assertivon ydinpalveluja ovat ty\u00f6nohjaus, coaching ja koulutus. Ne tarjoaa yritt\u00e4j\u00e4 Heli Pironetti.<br \/>\nYritykseni nimi on Assertivo, koska siihen kiteytyv\u00e4t ne pilarit, joiden kautta teen ty\u00f6t\u00e4ni ja toimin yritt\u00e4j\u00e4n\u00e4. Assertiivisuus\u00a0on mielest\u00e4ni sit\u00e4, ett\u00e4 henkil\u00f6 pystyy ilmaisemaan mielipiteens\u00e4, toiveensa ja tarpeensa vakuuttavasti, vilpitt\u00f6m\u00e4sti ja<br \/>\nselke\u00e4sti loukkaamatta toisten oikeuksia tai tavoitteita. Assertiivisuus pit\u00e4\u00e4 sis\u00e4ll\u00e4\u00e4n kuulemisen ja kunnioittavan j\u00e4m\u00e4kkyyden muita ihmisi\u00e4 ja itse\u00e4 kohtaan. Kunnioitus, kehittyminen ja kuuleminen ovat yritykseni kolme merkityksellist\u00e4 K:ta.<\/p>\n<p>Nyt ajankohtaista: VoimaPolku esihenkil\u00f6ille alkaa 23.1. klo 15-17!<\/p>\n<p>VoimaPolku on ty\u00f6nohjauksellinen valmennus esihenkil\u00f6ille. Se koostuu kymmenest\u00e4 kahden tunnin l\u00e4hitapaamisesta kerran kuussa.<\/p>\n<p>Tavoitteena<br \/>\n*Voimaantuminen esihenkil\u00f6n\u00e4<br \/>\n*Johtamisenteht\u00e4v\u00e4n kirkastaminen muutosten keskell\u00e4<br \/>\n*Oman johtamisidentiteetin vahvistaminen<br \/>\n*Resilienssin kasvattaminen<br \/>\n*Oman ja johdettavan yksik\u00f6n ty\u00f6hyvinvoinnin vahvistaminen.<\/p>\n<p>Hinta 990\u20ac+ alv! Lue esitteest\u00e4 lis\u00e4\u00e4 ja ilmoittaudu mukaan 10.1. menness\u00e4. Toteutus on yhteisty\u00f6ss\u00e4 EduSteps Oy:n \/ Marja H\u00e4kkinen.<\/p>\n<p><a href=\"https:\/\/assertivo.fi\/wp-content\/uploads\/2024\/12\/VoimaPolku-Iisalmi.pdf\">VoimaPolku Iisalmi<\/a><\/p>\n<p><img loading=\"lazy\" decoding=\"async\" class=\"alignnone size-medium wp-image-128\" src=\"https:\/\/assertivo.fi\/wp-content\/uploads\/2021\/02\/penkit_vuokatti-600X600-300x300.jpg\" alt=\"\" width=\"300\" height=\"300\" srcset=\"https:\/\/assertivo.fi\/wp-content\/uploads\/2021\/02\/penkit_vuokatti-600X600-300x300.jpg 300w, https:\/\/assertivo.fi\/wp-content\/uploads\/2021\/02\/penkit_vuokatti-600X600-150x150.jpg 150w, https:\/\/assertivo.fi\/wp-content\/uploads\/2021\/02\/penkit_vuokatti-600X600-435x435.jpg 435w, https:\/\/assertivo.fi\/wp-content\/uploads\/2021\/02\/penkit_vuokatti-600X600-60x60.jpg 60w, https:\/\/assertivo.fi\/wp-content\/uploads\/2021\/02\/penkit_vuokatti-600X600.jpg 600w\" sizes=\"auto, (max-width: 300px) 100vw, 300px\" \/><img loading=\"lazy\" decoding=\"async\" class=\"alignnone size-medium wp-image-127\" src=\"https:\/\/assertivo.fi\/wp-content\/uploads\/2021\/02\/eta\u0308tyo\u0308-600X600-300x300.jpg\" alt=\"\" width=\"300\" height=\"300\" srcset=\"https:\/\/assertivo.fi\/wp-content\/uploads\/2021\/02\/eta\u0308tyo\u0308-600X600-300x300.jpg 300w, https:\/\/assertivo.fi\/wp-content\/uploads\/2021\/02\/eta\u0308tyo\u0308-600X600-150x150.jpg 150w, https:\/\/assertivo.fi\/wp-content\/uploads\/2021\/02\/eta\u0308tyo\u0308-600X600-435x435.jpg 435w, https:\/\/assertivo.fi\/wp-content\/uploads\/2021\/02\/eta\u0308tyo\u0308-600X600-60x60.jpg 60w, https:\/\/assertivo.fi\/wp-content\/uploads\/2021\/02\/eta\u0308tyo\u0308-600X600.jpg 600w\" sizes=\"auto, (max-width: 300px) 100vw, 300px\" \/><\/p>\n<p>&nbsp;<\/p>\n<p>&nbsp;<\/p>\n","protected":false},"excerpt":{"rendered":"<p>Assertivon ydinpalveluja ovat ty\u00f6nohjaus, coaching ja koulutus. Ne tarjoaa yritt\u00e4j\u00e4 Heli Pironetti. Yritykseni nimi on Assertivo, koska siihen kiteytyv\u00e4t ne pilarit, joiden kautta teen ty\u00f6t\u00e4ni ja toimin yritt\u00e4j\u00e4n\u00e4. Assertiivisuus\u00a0on mielest\u00e4ni sit\u00e4, ett\u00e4 henkil\u00f6 pystyy ilmaisemaan mielipiteens\u00e4, toiveensa ja tarpeensa vakuuttavasti, vilpitt\u00f6m\u00e4sti ja selke\u00e4sti loukkaamatta toisten oikeuksia tai tavoitteita. Assertiivisuus pit\u00e4\u00e4 sis\u00e4ll\u00e4\u00e4n kuulemisen ja kunnioittavan j\u00e4m\u00e4kkyyden &hellip; <\/p>\n","protected":false},"author":1,"featured_media":0,"parent":0,"menu_order":0,"comment_status":"closed","ping_status":"closed","template":"","meta":{"footnotes":""},"class_list":["post-31","page","type-page","status-publish","hentry"],"_links":{"self":[{"href":"https:\/\/assertivo.fi\/index.php?rest_route=\/wp\/v2\/pages\/31","targetHints":{"allow":["GET"]}}],"collection":[{"href":"https:\/\/assertivo.fi\/index.php?rest_route=\/wp\/v2\/pages"}],"about":[{"href":"https:\/\/assertivo.fi\/index.php?rest_route=\/wp\/v2\/types\/page"}],"author":[{"embeddable":true,"href":"https:\/\/assertivo.fi\/index.php?rest_route=\/wp\/v2\/users\/1"}],"replies":[{"embeddable":true,"href":"https:\/\/assertivo.fi\/index.php?rest_route=%2Fwp%2Fv2%2Fcomments&post=31"}],"version-history":[{"count":8,"href":"https:\/\/assertivo.fi\/index.php?rest_route=\/wp\/v2\/pages\/31\/revisions"}],"predecessor-version":[{"id":294,"href":"https:\/\/assertivo.fi\/index.php?rest_route=\/wp\/v2\/pages\/31\/revisions\/294"}],"wp:attachment":[{"href":"https:\/\/assertivo.fi\/index.php?rest_route=%2Fwp%2Fv2%2Fmedia&parent=31"}],"curies":[{"name":"wp","href":"https:\/\/api.w.org\/{rel}","templated":true}]}}