{"id":207,"date":"2021-03-01T13:23:15","date_gmt":"2021-03-01T13:23:15","guid":{"rendered":"https:\/\/assertivo.fi\/?page_id=207"},"modified":"2021-03-29T11:25:59","modified_gmt":"2021-03-29T11:25:59","slug":"rekisteriseloste","status":"publish","type":"page","link":"https:\/\/assertivo.fi\/?page_id=207","title":{"rendered":"Rekisteriseloste"},"content":{"rendered":"<p><strong>Rekisteri- ja tietosuojaseloste<\/strong><\/p>\n<p>T\u00e4m\u00e4 on Yrityksen henkil\u00f6tietolain (10 ja 24 \u00a7) ja EU:n yleisen tietosuoja-asetuksen (GDPR) mukainen rekisteri- ja tietosuojaseloste. Laadittu 25.5.2018. Viimeisin muutos 25.5.2018.<\/p>\n<p><strong>Rekisterinpit\u00e4j\u00e4<\/strong><\/p>\n<p>Assertivo, P\u00f6ll\u00f6senlahdenkatu 22 B 6, 74130 IISALMI<br \/>\nY-tunnus: 1934868-0<br \/>\nwww.assertivo.fi<\/p>\n<p><strong>Rekisterist\u00e4 vastaava yhteyshenkil\u00f6<\/strong><br \/>\nyritt\u00e4j\u00e4 Heli Pironetti, helipironetti@gmail.com, puh. 044 523 3912<br \/>\nRekister\u00f6idyt henkil\u00f6ryhm\u00e4t<br \/>\nAsiakas<br \/>\nPotentiaalinen asiakas<br \/>\nYhteisty\u00f6kumppani<\/p>\n<p><strong>Henkil\u00f6tietojen k\u00e4ytt\u00f6tarkoitus<\/strong><br \/>\nTietoja k\u00e4ytet\u00e4\u00e4n asiakasviestint\u00e4\u00e4n ja Assertivon asiakassuhteiden yll\u00e4pitoon.<br \/>\nLis\u00e4ksi tietoja k\u00e4ytet\u00e4\u00e4n markkinointitarkoituksiin.<br \/>\nSinulla on aina oikeus kielt\u00e4\u00e4 henkil\u00f6tietojesi k\u00e4ytt\u00f6 suoramarkkinointiin ottamalla yhteytt\u00e4 yll\u00e4 oleviin yhteystietoihin tai k\u00e4ytt\u00e4m\u00e4ll\u00e4 uutiskirjeiss\u00e4 olevaa uutiskirjeen tilauksen peruuttamismahdollisuutta.<\/p>\n<p><strong>Rekisterin tietosis\u00e4lt\u00f6<\/strong><br \/>\nKer\u00e4\u00e4mme nimi-, syntym\u00e4vuosi, puhelin-, s\u00e4hk\u00f6posti-, osoite- ja muita asiakakassuhteen yll\u00e4pit\u00e4miseksi tarvittavia tietoja.<\/p>\n<p><strong>Rekisterin tietol\u00e4hteet<\/strong><br \/>\nKer\u00e4\u00e4mme ja saamme tietosi seuraavista l\u00e4hteist\u00e4:<br \/>\nP\u00e4\u00e4s\u00e4\u00e4nt\u00f6isesti saamme tietosi sinun itsesi antamana esimerkiksi henkil\u00f6kohtaisen vuorovaikutuksen kautta. Henkil\u00f6tietojen antaminen on edellytys asiakassuhteen syntymiselle ja hoitamiselle.<\/p>\n<p><strong>Tietojen luovutus ja k\u00e4sittely<\/strong><br \/>\nTietoja ei luovuteta kolmannelle osapuolelle.<\/p>\n<p><strong>Tietojen siirto EU:n tai ETA:n ulkopuolelle<\/strong><br \/>\nTietoja ei siirret\u00e4 eik\u00e4 jaeta EU:n eik\u00e4 ETA:n ulkopuolelle.<\/p>\n<p><strong>Rekisterin suojaus ja henkil\u00f6tietojen s\u00e4ilytysaika<\/strong><br \/>\nKunnioitamme henkil\u00f6tietojesi luottamuksellisuutta. P\u00e4\u00e4sy rekisteriin on vain Assertivon omistajalla ja henkil\u00f6kunnalla. Rekisteri on talletettu palomuurein, salasanoin ja muin teknisin keinoin suojattuihin tietokantoihin, joihin on p\u00e4\u00e4sy ainoastaan t\u00e4m\u00e4n rekisterin yhteyshenkil\u00f6ll\u00e4.<br \/>\nVanhentuneet ja tarpeettomat tiedot h\u00e4vit\u00e4mme asiaankuuluvalla tavalla. S\u00e4ilyt\u00e4mme henkil\u00f6tietoja vain niin kauan, kun se on tarpeen t\u00e4ss\u00e4 tietosuojaselosteessa m\u00e4\u00e4riteltyjen henkil\u00f6tietojen k\u00e4sittelytarkoitusten toteuttamiseksi. Kirjanpitolain tai muun soveltuvan lain velvoitteista johtuen tietoja voidaan joutua s\u00e4ilytt\u00e4m\u00e4\u00e4n edell\u00e4 mainittua ajanjaksoa pitemp\u00e4\u00e4n.<\/p>\n<p><strong>Rekister\u00f6idyn oikeudet<\/strong>&#8211;<br \/>\nAsiakkaalla on oikeus tarkistaa omat tietonsa halutessaan. Henkil\u00f6llisyys varmistetaan ennen tietojen antamista. Tarkastusoikeus toteutetaan viipym\u00e4tt\u00e4.<\/p>\n<p><strong>Lis\u00e4ksi sinulla on oikeus soveltuvan tietosuojalains\u00e4\u00e4d\u00e4nn\u00f6n mukaisesti milloin tahansa:<\/strong><\/p>\n<p>&#8211; saada tieto henkil\u00f6tietojesi k\u00e4sittelyst\u00e4;<br \/>\n&#8211; saada p\u00e4\u00e4sy omiin tietoihisi ja tarkastaa itse\u00e4si koskevat k\u00e4sittelem\u00e4mme henkil\u00f6tiedot;<br \/>\n&#8211; vaatia ep\u00e4tarkan ja virheellisen henkil\u00f6tiedon oikaisua ja tietojen t\u00e4ydent\u00e4mist\u00e4;<br \/>\n&#8211; vaatia henkil\u00f6tietojesi poistamista;<br \/>\n&#8211; peruuttaa suostumuksesi ja vastustaa henkil\u00f6tietojesi k\u00e4sittely\u00e4 silt\u00e4 osin, kuin henkil\u00f6tietojesi k\u00e4sittely perustuu antamaasi suostumukseen;<br \/>\n&#8211; vastustaa henkil\u00f6tietojesi k\u00e4sittely\u00e4 henkil\u00f6kohtaiseen erityiseen tilanteeseesi liittyv\u00e4ll\u00e4 perusteella silt\u00e4 osin kuin henkil\u00f6tietojesi k\u00e4sittelyperusteena on oikeutettu etumme;<br \/>\n&#8211; vaatia henkil\u00f6tietojesi k\u00e4sittelyn rajoittamista.<\/p>\n<p>Voimme pyyt\u00e4\u00e4 sinua tarkentamaan pyynt\u00f6\u00e4si ja varmentamaan henkil\u00f6llisyytesi ennen pyynn\u00f6n k\u00e4sittelemist\u00e4. Voimme kielt\u00e4yty\u00e4 pyynt\u00f6si toteuttamisesta sovellettavassa laissa s\u00e4\u00e4detyll\u00e4 perusteella.<br \/>\nSinulla on my\u00f6s aina oikeus tehd\u00e4 valitus asianomaiselle valvontaviranomaiselle taikka sen EU:n j\u00e4senvaltion valvontaviranomaiselle, jossa asuinpaikkasi tai ty\u00f6paikkasi sijaitsee, mik\u00e4li katsot, ett\u00e4 emme ole k\u00e4sitelleet henkil\u00f6tietojasi soveltuvan tietosuojalains\u00e4\u00e4d\u00e4nn\u00f6n mukaisesti.<\/p>\n<p>Sinun tulee l\u00e4hett\u00e4\u00e4 oikeuksiasi koskevat pyynn\u00f6t kirjallisena tai s\u00e4hk\u00f6postitse:<br \/>\nAssertivo, P\u00f6ll\u00f6senlahdenkatu 22 B 6, 74130 IISALMI<br \/>\ntai<br \/>\nhelipironetti@gmail.com<\/p>\n","protected":false},"excerpt":{"rendered":"<p>Rekisteri- ja tietosuojaseloste T\u00e4m\u00e4 on Yrityksen henkil\u00f6tietolain (10 ja 24 \u00a7) ja EU:n yleisen tietosuoja-asetuksen (GDPR) mukainen rekisteri- ja tietosuojaseloste. Laadittu 25.5.2018. Viimeisin muutos 25.5.2018. Rekisterinpit\u00e4j\u00e4 Assertivo, P\u00f6ll\u00f6senlahdenkatu 22 B 6, 74130 IISALMI Y-tunnus: 1934868-0 www.assertivo.fi Rekisterist\u00e4 vastaava yhteyshenkil\u00f6 yritt\u00e4j\u00e4 Heli Pironetti, helipironetti@gmail.com, puh. 044 523 3912 Rekister\u00f6idyt henkil\u00f6ryhm\u00e4t Asiakas Potentiaalinen asiakas Yhteisty\u00f6kumppani Henkil\u00f6tietojen k\u00e4ytt\u00f6tarkoitus &hellip; <\/p>\n","protected":false},"author":1,"featured_media":0,"parent":0,"menu_order":0,"comment_status":"closed","ping_status":"closed","template":"","meta":{"footnotes":""},"class_list":["post-207","page","type-page","status-publish","hentry"],"_links":{"self":[{"href":"https:\/\/assertivo.fi\/index.php?rest_route=\/wp\/v2\/pages\/207","targetHints":{"allow":["GET"]}}],"collection":[{"href":"https:\/\/assertivo.fi\/index.php?rest_route=\/wp\/v2\/pages"}],"about":[{"href":"https:\/\/assertivo.fi\/index.php?rest_route=\/wp\/v2\/types\/page"}],"author":[{"embeddable":true,"href":"https:\/\/assertivo.fi\/index.php?rest_route=\/wp\/v2\/users\/1"}],"replies":[{"embeddable":true,"href":"https:\/\/assertivo.fi\/index.php?rest_route=%2Fwp%2Fv2%2Fcomments&post=207"}],"version-history":[{"count":3,"href":"https:\/\/assertivo.fi\/index.php?rest_route=\/wp\/v2\/pages\/207\/revisions"}],"predecessor-version":[{"id":257,"href":"https:\/\/assertivo.fi\/index.php?rest_route=\/wp\/v2\/pages\/207\/revisions\/257"}],"wp:attachment":[{"href":"https:\/\/assertivo.fi\/index.php?rest_route=%2Fwp%2Fv2%2Fmedia&parent=207"}],"curies":[{"name":"wp","href":"https:\/\/api.w.org\/{rel}","templated":true}]}}